{"id":198,"date":"2017-10-15T00:35:47","date_gmt":"2017-10-15T00:35:47","guid":{"rendered":"http:\/\/hanse-grundbesitz.de\/?page_id=198"},"modified":"2021-04-05T17:31:52","modified_gmt":"2021-04-05T16:31:52","slug":"kontakt","status":"publish","type":"page","link":"https:\/\/www.hanse-grundbesitz.de\/?page_id=198","title":{"rendered":"kontakt"},"content":{"rendered":"<p>[et_pb_section fb_built=&#8220;1&#8243; admin_label=&#8220;#contact&#8220; module_id=&#8220;contact&#8220; module_class=&#8220;ps2id&#8220; _builder_version=&#8220;3.22&#8243; background_color=&#8220;#454545&#8243; background_image=&#8220;http:\/\/hanse-grundbesitz.de\/wp-content\/uploads\/2017\/12\/iStock-625305128.jpg&#8220; parallax=&#8220;on&#8220; custom_margin=&#8220;|||&#8220; custom_padding=&#8220;0px|0px|10vh|0px&#8220; custom_css_main_element=&#8220;.et_pb_section_4 { height: 95vh;}||.section\u2014first { height: 90vh; }&#8220;][et_pb_row _builder_version=&#8220;3.25&#8243; background_color=&#8220;rgba(255,252,236,0.7)&#8220; custom_padding=&#8220;40px|0px|1px|0px&#8220;][et_pb_column type=&#8220;4_4&#8243; _builder_version=&#8220;3.25&#8243; custom_padding=&#8220;|||&#8220; custom_padding__hover=&#8220;|||&#8220;][et_pb_divider color=&#8220;#454545&#8243; divider_position=&#8220;center&#8220; divider_weight=&#8220;1px&#8220; _builder_version=&#8220;3.2&#8243; max_width=&#8220;15%&#8220; module_alignment=&#8220;center&#8220; height=&#8220;0px&#8220;][\/et_pb_divider][et_pb_text _builder_version=&#8220;3.27.4&#8243; custom_margin=&#8220;5%|||&#8220;]<\/p>\n<h1 style=\"text-align: center;\"><span style=\"color: #2d2d2d;\"><span style=\"color: #b32a59;\">NACHRICHT<\/span><\/span><\/h1>\n<h1 style=\"text-align: center;\"><span style=\"color: #2d2d2d;\">SCHREIBEN<\/span><\/h1>\n<p style=\"text-align: center;\">Kontaktieren Sie uns gerne <a href=\"\/#footer\">telefonisch<\/a>, oder \u00fcber dieses Kontaktformular. Wir rufen Sie zu Ihrem gew\u00fcnschten Zeitpunkt zur\u00fcck.<\/p>\n<p>[\/et_pb_text][\/et_pb_column][\/et_pb_row][et_pb_row _builder_version=&#8220;3.25&#8243; module_alignment=&#8220;center&#8220; custom_padding=&#8220;0px|0px|25.5938px|0px&#8220;][et_pb_column type=&#8220;4_4&#8243; _builder_version=&#8220;3.25&#8243; custom_padding=&#8220;|||&#8220; custom_padding__hover=&#8220;|||&#8220;][et_pb_contact_form captcha=&#8220;off&#8220; success_message=&#8220;Vielen Dank f\u00fcr Ihre Nachricht. Wir kommen in K\u00fcrze auf Sie zu.&#8220; submit_button_text=&#8220;ABSENDEN&#8220; admin_label=&#8220;#formular&#8220; module_id=&#8220;et_pb_contact_form_0&#8243; _builder_version=&#8220;3.23&#8243; form_field_background_color=&#8220;rgba(255,255,255,0.76)&#8220; form_field_text_color=&#8220;#454545&#8243; title_text_align=&#8220;center&#8220; form_field_font=&#8220;|||on|&#8220; form_field_letter_spacing=&#8220;8px&#8220; background_color=&#8220;rgba(255,252,236,0.7)&#8220; text_orientation=&#8220;left&#8220; custom_margin=&#8220;|||&#8220; custom_padding=&#8220;10px|10px|10px|10px&#8220; border_radii=&#8220;on|0px|0px|0px|0px&#8220; form_background_color=&#8220;rgba(255,255,255,0.76)&#8220;][et_pb_contact_field field_id=&#8220;Name&#8220; field_title=&#8220;Name&#8220; _builder_version=&#8220;3.16&#8243; form_field_letter_spacing=&#8220;3px&#8220; form_field_letter_spacing_tablet=&#8220;3px&#8220; form_field_letter_spacing_phone=&#8220;&#8220; form_field_letter_spacing_last_edited=&#8220;on|phone&#8220; button_text_size__hover_enabled=&#8220;off&#8220; button_one_text_size__hover_enabled=&#8220;off&#8220; button_two_text_size__hover_enabled=&#8220;off&#8220; button_text_color__hover_enabled=&#8220;off&#8220; button_one_text_color__hover_enabled=&#8220;off&#8220; button_two_text_color__hover_enabled=&#8220;off&#8220; button_border_width__hover_enabled=&#8220;off&#8220; button_one_border_width__hover_enabled=&#8220;off&#8220; button_two_border_width__hover_enabled=&#8220;off&#8220; button_border_color__hover_enabled=&#8220;off&#8220; button_one_border_color__hover_enabled=&#8220;off&#8220; button_two_border_color__hover_enabled=&#8220;off&#8220; button_border_radius__hover_enabled=&#8220;off&#8220; button_one_border_radius__hover_enabled=&#8220;off&#8220; button_two_border_radius__hover_enabled=&#8220;off&#8220; button_letter_spacing__hover_enabled=&#8220;off&#8220; button_one_letter_spacing__hover_enabled=&#8220;off&#8220; button_two_letter_spacing__hover_enabled=&#8220;off&#8220; button_bg_color__hover_enabled=&#8220;off&#8220; button_one_bg_color__hover_enabled=&#8220;off&#8220; button_two_bg_color__hover_enabled=&#8220;off&#8220;][\/et_pb_contact_field][et_pb_contact_field field_id=&#8220;Email&#8220; field_title=&#8220;E-Mail-Adresse&#8220; field_type=&#8220;email&#8220; _builder_version=&#8220;3.16&#8243; form_field_letter_spacing=&#8220;3px&#8220; form_field_letter_spacing_tablet=&#8220;3px&#8220; form_field_letter_spacing_phone=&#8220;3px&#8220; form_field_letter_spacing_last_edited=&#8220;on|phone&#8220; button_text_size__hover_enabled=&#8220;off&#8220; button_one_text_size__hover_enabled=&#8220;off&#8220; button_two_text_size__hover_enabled=&#8220;off&#8220; button_text_color__hover_enabled=&#8220;off&#8220; button_one_text_color__hover_enabled=&#8220;off&#8220; button_two_text_color__hover_enabled=&#8220;off&#8220; button_border_width__hover_enabled=&#8220;off&#8220; button_one_border_width__hover_enabled=&#8220;off&#8220; button_two_border_width__hover_enabled=&#8220;off&#8220; button_border_color__hover_enabled=&#8220;off&#8220; button_one_border_color__hover_enabled=&#8220;off&#8220; button_two_border_color__hover_enabled=&#8220;off&#8220; button_border_radius__hover_enabled=&#8220;off&#8220; button_one_border_radius__hover_enabled=&#8220;off&#8220; button_two_border_radius__hover_enabled=&#8220;off&#8220; button_letter_spacing__hover_enabled=&#8220;off&#8220; button_one_letter_spacing__hover_enabled=&#8220;off&#8220; button_two_letter_spacing__hover_enabled=&#8220;off&#8220; button_bg_color__hover_enabled=&#8220;off&#8220; button_one_bg_color__hover_enabled=&#8220;off&#8220; button_two_bg_color__hover_enabled=&#8220;off&#8220;][\/et_pb_contact_field][et_pb_contact_field field_id=&#8220;Phone&#8220; field_title=&#8220;TELEFONNUMMER&#8220; fullwidth_field=&#8220;on&#8220; _builder_version=&#8220;3.16&#8243; form_field_font=&#8220;||||||||&#8220; form_field_letter_spacing=&#8220;3px&#8220; form_field_letter_spacing_tablet=&#8220;3px&#8220; form_field_letter_spacing_phone=&#8220;3px&#8220; form_field_letter_spacing_last_edited=&#8220;on|phone&#8220; button_text_size__hover_enabled=&#8220;off&#8220; button_one_text_size__hover_enabled=&#8220;off&#8220; button_two_text_size__hover_enabled=&#8220;off&#8220; button_text_color__hover_enabled=&#8220;off&#8220; button_one_text_color__hover_enabled=&#8220;off&#8220; button_two_text_color__hover_enabled=&#8220;off&#8220; button_border_width__hover_enabled=&#8220;off&#8220; button_one_border_width__hover_enabled=&#8220;off&#8220; button_two_border_width__hover_enabled=&#8220;off&#8220; button_border_color__hover_enabled=&#8220;off&#8220; button_one_border_color__hover_enabled=&#8220;off&#8220; button_two_border_color__hover_enabled=&#8220;off&#8220; button_border_radius__hover_enabled=&#8220;off&#8220; button_one_border_radius__hover_enabled=&#8220;off&#8220; button_two_border_radius__hover_enabled=&#8220;off&#8220; button_letter_spacing__hover_enabled=&#8220;off&#8220; button_one_letter_spacing__hover_enabled=&#8220;off&#8220; button_two_letter_spacing__hover_enabled=&#8220;off&#8220; button_bg_color__hover_enabled=&#8220;off&#8220; button_one_bg_color__hover_enabled=&#8220;off&#8220; button_two_bg_color__hover_enabled=&#8220;off&#8220;][\/et_pb_contact_field][et_pb_contact_field field_id=&#8220;cause&#8220; field_title=&#8220;Wann erreichbar?&#8220; required_mark=&#8220;off&#8220; _builder_version=&#8220;3.16&#8243; form_field_letter_spacing=&#8220;3px&#8220; form_field_letter_spacing_tablet=&#8220;3px&#8220; form_field_letter_spacing_phone=&#8220;3px&#8220; form_field_letter_spacing_last_edited=&#8220;on|phone&#8220; button_text_size__hover_enabled=&#8220;off&#8220; button_one_text_size__hover_enabled=&#8220;off&#8220; button_two_text_size__hover_enabled=&#8220;off&#8220; button_text_color__hover_enabled=&#8220;off&#8220; button_one_text_color__hover_enabled=&#8220;off&#8220; button_two_text_color__hover_enabled=&#8220;off&#8220; button_border_width__hover_enabled=&#8220;off&#8220; button_one_border_width__hover_enabled=&#8220;off&#8220; button_two_border_width__hover_enabled=&#8220;off&#8220; button_border_color__hover_enabled=&#8220;off&#8220; button_one_border_color__hover_enabled=&#8220;off&#8220; button_two_border_color__hover_enabled=&#8220;off&#8220; button_border_radius__hover_enabled=&#8220;off&#8220; button_one_border_radius__hover_enabled=&#8220;off&#8220; button_two_border_radius__hover_enabled=&#8220;off&#8220; button_letter_spacing__hover_enabled=&#8220;off&#8220; button_one_letter_spacing__hover_enabled=&#8220;off&#8220; button_two_letter_spacing__hover_enabled=&#8220;off&#8220; button_bg_color__hover_enabled=&#8220;off&#8220; button_one_bg_color__hover_enabled=&#8220;off&#8220; button_two_bg_color__hover_enabled=&#8220;off&#8220;][\/et_pb_contact_field][et_pb_contact_field field_id=&#8220;Message&#8220; field_title=&#8220;Ihre Nachricht an uns.&#8220; field_type=&#8220;text&#8220; fullwidth_field=&#8220;on&#8220; _builder_version=&#8220;3.16&#8243; form_field_font=&#8220;||||&#8220; form_field_text_align=&#8220;left&#8220; form_field_letter_spacing=&#8220;3px&#8220; form_field_letter_spacing_tablet=&#8220;3px&#8220; form_field_letter_spacing_phone=&#8220;3px&#8220; form_field_letter_spacing_last_edited=&#8220;on|desktop&#8220; button_text_size__hover_enabled=&#8220;off&#8220; button_one_text_size__hover_enabled=&#8220;off&#8220; button_two_text_size__hover_enabled=&#8220;off&#8220; button_text_color__hover_enabled=&#8220;off&#8220; button_one_text_color__hover_enabled=&#8220;off&#8220; button_two_text_color__hover_enabled=&#8220;off&#8220; button_border_width__hover_enabled=&#8220;off&#8220; button_one_border_width__hover_enabled=&#8220;off&#8220; button_two_border_width__hover_enabled=&#8220;off&#8220; button_border_color__hover_enabled=&#8220;off&#8220; button_one_border_color__hover_enabled=&#8220;off&#8220; button_two_border_color__hover_enabled=&#8220;off&#8220; button_border_radius__hover_enabled=&#8220;off&#8220; button_one_border_radius__hover_enabled=&#8220;off&#8220; button_two_border_radius__hover_enabled=&#8220;off&#8220; button_letter_spacing__hover_enabled=&#8220;off&#8220; button_one_letter_spacing__hover_enabled=&#8220;off&#8220; button_two_letter_spacing__hover_enabled=&#8220;off&#8220; button_bg_color__hover_enabled=&#8220;off&#8220; button_one_bg_color__hover_enabled=&#8220;off&#8220; button_two_bg_color__hover_enabled=&#8220;off&#8220;][\/et_pb_contact_field][\/et_pb_contact_form][\/et_pb_column][\/et_pb_row][\/et_pb_section][et_pb_section fb_built=&#8220;1&#8243; specialty=&#8220;on&#8220; custom_padding_last_edited=&#8220;on|desktop&#8220; parallax_method_1=&#8220;off&#8220; parallax_method_2=&#8220;off&#8220; admin_label=&#8220;Section&#8220; module_id=&#8220;#footer&#8220; module_class=&#8220;ps2id&#8220; _builder_version=&#8220;3.22&#8243; background_color=&#8220;#2b2c2a&#8220; custom_padding=&#8220;0px|0px|0vh|0px&#8220; custom_padding_tablet=&#8220;50px|0|50px|0&#8243; custom_padding_phone=&#8220;&#8220; custom_css_main_element=&#8220;.section { height: 95vh;}||.section\u2014first { height: 90vh; }&#8220; transparent_background=&#8220;off&#8220; collapsed=&#8220;off&#8220;][et_pb_column type=&#8220;1_3&#8243; _builder_version=&#8220;3.25&#8243; custom_padding=&#8220;|||&#8220; parallax__hover=&#8220;off&#8220; parallax_method__hover=&#8220;off&#8220; custom_padding__hover=&#8220;|||&#8220;][et_pb_text admin_label=&#8220;Follow Text&#8220; _builder_version=&#8220;3.27.4&#8243; text_font=&#8220;Oswald|||on|&#8220; text_text_color=&#8220;#ffffff&#8220; text_font_size=&#8220;16&#8243; text_letter_spacing=&#8220;2px&#8220; background_size=&#8220;initial&#8220; background_position=&#8220;top_left&#8220; background_repeat=&#8220;repeat&#8220; background_layout=&#8220;dark&#8220;]<span style=\"color: #b32a59;\"><a style=\"color: #b32a59;\" href=\"http:\/\/hanse-grundbesitz.de\/?page_id=210\">IMPRESSUM<\/a><br \/>\n<a style=\"color: #b32a59;\" href=\"http:\/\/hanse-grundbesitz.de\/?page_id=29104\">DATENSCHUTZERKL\u00c4RUNG<\/a><br \/>\n<a style=\"color: #b32a59;\" href=\"http:\/\/hanse-grundbesitz.de\/?page_id=29117\">HAFTUNGSAUSSCHLUSS<\/a><\/span><br \/>\n[\/et_pb_text][\/et_pb_column][et_pb_column type=&#8220;2_3&#8243; specialty_columns=&#8220;2&#8243; _builder_version=&#8220;3.25&#8243; custom_padding=&#8220;|||&#8220; parallax__hover=&#8220;off&#8220; parallax_method__hover=&#8220;off&#8220; custom_padding__hover=&#8220;|||&#8220;][et_pb_row_inner padding_mobile=&#8220;on&#8220; column_padding_mobile=&#8220;on&#8220; custom_padding_last_edited=&#8220;on|desktop&#8220; admin_label=&#8220;Row&#8220; _builder_version=&#8220;3.25&#8243; custom_padding=&#8220;||0px|&#8220; custom_padding_tablet=&#8220;||10px|&#8220; custom_padding_phone=&#8220;&#8220;][et_pb_column_inner saved_specialty_column_type=&#8220;2_3&#8243; _builder_version=&#8220;3.25&#8243; custom_padding=&#8220;|||&#8220; column_padding_mobile__hover=&#8220;on&#8220; parallax__hover=&#8220;off&#8220; parallax_method__hover=&#8220;off&#8220; custom_padding__hover=&#8220;|||&#8220;][et_pb_text _builder_version=&#8220;3.27.4&#8243; text_font=&#8220;Oswald|||on|&#8220; text_text_color=&#8220;#ffffff&#8220; text_font_size=&#8220;16&#8243; text_letter_spacing=&#8220;2px&#8220; background_size=&#8220;initial&#8220; background_position=&#8220;top_left&#8220; background_repeat=&#8220;repeat&#8220; background_layout=&#8220;dark&#8220;]<span style=\"color: #b32a59;\"><a style=\"color: #b32a59;\" href=\"http:\/\/hanse-grundbesitz.de\/#home\">Home<\/a><a style=\"color: #b32a59;\" href=\"http:\/\/hanse-grundbesitz.de\/#about\">\u00a0 \u00a0 \u00a0 \u00dcber uns<\/a>\u00a0\u00a0 \u00a0\u00a0<a style=\"color: #b32a59;\" href=\"http:\/\/hanse-grundbesitz.de\/#services\">Dienstleistungen\u00a0 \u00a0 \u00a0<\/a><a style=\"color: #b32a59;\" href=\"http:\/\/hanse-grundbesitz.de\/#offer\">ANGEBOT\u00a0 \u00a0 \u00a0<\/a><a style=\"color: #b32a59;\" href=\"http:\/\/hanse-grundbesitz.de\/#contact\">Kontakt<\/a><\/span><br \/>\n[\/et_pb_text][\/et_pb_column_inner][\/et_pb_row_inner][et_pb_row_inner column_structure=&#8220;1_2,1_2&#8243; column_padding_mobile=&#8220;on&#8220; admin_label=&#8220;Row&#8220; _builder_version=&#8220;3.25&#8243; custom_padding=&#8220;|0px|3px|0px||&#8220;][et_pb_column_inner type=&#8220;1_2&#8243; saved_specialty_column_type=&#8220;2_3&#8243; _builder_version=&#8220;3.25&#8243; custom_padding=&#8220;|||&#8220; column_padding_mobile__hover=&#8220;on&#8220; parallax__hover=&#8220;off&#8220; parallax_method__hover=&#8220;off&#8220; custom_padding__hover=&#8220;|||&#8220;][et_pb_blurb url=&#8220;#&#8220; use_icon=&#8220;on&#8220; font_icon=&#8220;%%109%%&#8220; icon_color=&#8220;#b32a59&#8243; icon_placement=&#8220;left&#8220; use_icon_font_size=&#8220;on&#8220; icon_font_size=&#8220;20&#8243; admin_label=&#8220;Blurb&#8220; _builder_version=&#8220;3.5.1&#8243; body_font=&#8220;Open Sans||||&#8220; body_text_color=&#8220;#ffffff&#8220; body_font_size=&#8220;16&#8243; body_line_height=&#8220;1.5em&#8220; background_size=&#8220;initial&#8220; background_position=&#8220;top_left&#8220; background_repeat=&#8220;repeat&#8220; background_layout=&#8220;dark&#8220; custom_margin=&#8220;||0px|&#8220; custom_padding=&#8220;||15px|&#8220; animation=&#8220;off&#8220;]<\/p>\n<p><strong><span style=\"color: #fffcec;\"><a style=\"color: #fffcec;\" href=\"mailto:info@hanse-grundbesitz.de\">info@hanse-grundbesitz.de<\/a><\/span><\/strong><\/p>\n<p>[\/et_pb_blurb][et_pb_blurb url=&#8220;#&#8220; use_icon=&#8220;on&#8220; font_icon=&#8220;%%122%%&#8220; icon_placement=&#8220;left&#8220; use_icon_font_size=&#8220;on&#8220; icon_font_size=&#8220;18&#8243; admin_label=&#8220;Blurb&#8220; _builder_version=&#8220;4.0.6&#8243; body_font=&#8220;Open Sans||||&#8220; body_text_color=&#8220;#ffffff&#8220; body_font_size=&#8220;16&#8243; body_line_height=&#8220;1.5em&#8220; background_size=&#8220;initial&#8220; background_position=&#8220;top_left&#8220; background_repeat=&#8220;repeat&#8220; background_layout=&#8220;dark&#8220; animation=&#8220;off&#8220;]<\/p>\n<p><span style=\"color: #fffcec;\"><span style=\"font-size: 16px;\"><strong>Hanse Grundbesitz GmbH<br \/> Rollbarg 33b<br \/> 25482 Appen<\/strong><\/span><\/span><\/p>\n<p>[\/et_pb_blurb][\/et_pb_column_inner][et_pb_column_inner type=&#8220;1_2&#8243; saved_specialty_column_type=&#8220;2_3&#8243; _builder_version=&#8220;3.25&#8243; custom_padding=&#8220;|||&#8220; column_padding_mobile__hover=&#8220;on&#8220; parallax__hover=&#8220;off&#8220; parallax_method__hover=&#8220;off&#8220; custom_padding__hover=&#8220;|||&#8220;][et_pb_blurb url=&#8220;#&#8220; use_icon=&#8220;on&#8220; font_icon=&#8220;%%104%%&#8220; icon_placement=&#8220;left&#8220; use_icon_font_size=&#8220;on&#8220; icon_font_size=&#8220;20&#8243; admin_label=&#8220;Blurb&#8220; _builder_version=&#8220;4.9.2&#8243; body_font=&#8220;Open Sans||||&#8220; body_text_color=&#8220;#ffffff&#8220; body_font_size=&#8220;16&#8243; body_line_height=&#8220;1.5em&#8220; background_size=&#8220;initial&#8220; background_position=&#8220;top_left&#8220; background_repeat=&#8220;repeat&#8220; background_layout=&#8220;dark&#8220; animation=&#8220;off&#8220; hover_enabled=&#8220;0&#8243; sticky_enabled=&#8220;0&#8243;]<strong><span style=\"color: #fffcec;\">+49 171 19 51 407<\/span><\/strong><br \/>\n[\/et_pb_blurb][et_pb_blurb url=&#8220;#&#8220; use_icon=&#8220;on&#8220; font_icon=&#8220;%%337%%&#8220; icon_placement=&#8220;left&#8220; use_icon_font_size=&#8220;on&#8220; icon_font_size=&#8220;20&#8243; admin_label=&#8220;Blurb&#8220; _builder_version=&#8220;3.0.82&#8243; body_font=&#8220;Open Sans||||&#8220; body_text_color=&#8220;#ffffff&#8220; body_font_size=&#8220;16&#8243; body_line_height=&#8220;1.5em&#8220; background_size=&#8220;initial&#8220; background_position=&#8220;top_left&#8220; background_repeat=&#8220;repeat&#8220; background_layout=&#8220;dark&#8220; animation=&#8220;off&#8220;]<a href=\"http:\/\/hanse-grundbesitz.de\/?page_id=29117##\"><strong><span style=\"color: #fffcec;\">FACEBOOK<\/span><\/strong><\/a><br \/>\n[\/et_pb_blurb][\/et_pb_column_inner][\/et_pb_row_inner][\/et_pb_column][\/et_pb_section]<\/p>\n","protected":false},"excerpt":{"rendered":"<p>NACHRICHT SCHREIBEN Kontaktieren Sie uns gerne telefonisch, oder \u00fcber dieses Kontaktformular. Wir rufen Sie zu Ihrem gew\u00fcnschten Zeitpunkt zur\u00fcck. IMPRESSUM DATENSCHUTZERKL\u00c4RUNG HAFTUNGSAUSSCHLUSS Home\u00a0 \u00a0 \u00a0 \u00dcber uns\u00a0\u00a0 \u00a0\u00a0Dienstleistungen\u00a0 \u00a0 \u00a0ANGEBOT\u00a0 \u00a0 \u00a0Kontakt info@hanse-grundbesitz.de Hanse Grundbesitz GmbH Rollbarg 33b 25482 Appen+49 171 19 51 407 FACEBOOK<\/p>\n","protected":false},"author":1,"featured_media":0,"parent":0,"menu_order":0,"comment_status":"closed","ping_status":"closed","template":"","meta":{"_et_pb_use_builder":"on","_et_pb_old_content":"","_et_gb_content_width":""},"_links":{"self":[{"href":"https:\/\/www.hanse-grundbesitz.de\/index.php?rest_route=\/wp\/v2\/pages\/198"}],"collection":[{"href":"https:\/\/www.hanse-grundbesitz.de\/index.php?rest_route=\/wp\/v2\/pages"}],"about":[{"href":"https:\/\/www.hanse-grundbesitz.de\/index.php?rest_route=\/wp\/v2\/types\/page"}],"author":[{"embeddable":true,"href":"https:\/\/www.hanse-grundbesitz.de\/index.php?rest_route=\/wp\/v2\/users\/1"}],"replies":[{"embeddable":true,"href":"https:\/\/www.hanse-grundbesitz.de\/index.php?rest_route=%2Fwp%2Fv2%2Fcomments&post=198"}],"version-history":[{"count":3,"href":"https:\/\/www.hanse-grundbesitz.de\/index.php?rest_route=\/wp\/v2\/pages\/198\/revisions"}],"predecessor-version":[{"id":49442,"href":"https:\/\/www.hanse-grundbesitz.de\/index.php?rest_route=\/wp\/v2\/pages\/198\/revisions\/49442"}],"wp:attachment":[{"href":"https:\/\/www.hanse-grundbesitz.de\/index.php?rest_route=%2Fwp%2Fv2%2Fmedia&parent=198"}],"curies":[{"name":"wp","href":"https:\/\/api.w.org\/{rel}","templated":true}]}}